{"id":397,"date":"2017-07-14T18:35:39","date_gmt":"2017-07-14T18:35:39","guid":{"rendered":"http:\/\/cidae.mx\/?page_id=397"},"modified":"2017-10-10T02:54:01","modified_gmt":"2017-10-10T02:54:01","slug":"contacto","status":"publish","type":"page","link":"https:\/\/cidae.mx\/?page_id=397","title":{"rendered":"CONTACTO"},"content":{"rendered":"<div class=\"mp-row-fluid motopress-row mpce-dsbl-margin-left mpce-dsbl-margin-right\">\n<div class=\"motopress-clmn mp-span12  mpce-dsbl-margin-left mpce-dsbl-margin-right\" style=\"min-height: 451px;\">\n\n<\/div>\n<\/div>\n<div class=\"mp-row-fluid motopress-row mpce-dsbl-margin-left mpce-dsbl-margin-right\">\n<div class=\"motopress-clmn mp-span12  mpce-dsbl-margin-left mpce-dsbl-margin-right  motopress-space\">\n<div class=\"motopress-space-obj mpce-dsbl-background-image-type mpce-dsbl-background-image mpce-dsbl-background-gradient mpce-dsbl-background-position mpce-dsbl-background-position-x mpce-dsbl-background-position-y mpce-dsbl-background-repeat mpce-dsbl-background-size mpce-dsbl-background-attachment mpce-dsbl-margin-left mpce-dsbl-margin-right mpce-dsbl-background-color mpce-dsbl-border-top-width mpce-dsbl-border-bottom-width mpce-dsbl-border-left-width mpce-dsbl-border-right-width mpce-dsbl-border-top-left-radius mpce-dsbl-border-top-right-radius mpce-dsbl-border-bottom-left-radius mpce-dsbl-border-bottom-right-radius mpce-dsbl-border-style mpce-dsbl-border-color mpce-dsbl-padding-left mpce-dsbl-padding-right mpce-dsbl-margin-top mpce-dsbl-margin-bottom mpce-dsbl-color\"  data-min-height=\"0\"><div><\/div><\/div>\n<\/div>\n<\/div>\n<div class=\"mp-row-fluid motopress-row mpce-dsbl-margin-left mpce-dsbl-margin-right\">\n<div class=\"motopress-clmn mp-span12  mpce-dsbl-margin-left mpce-dsbl-margin-right\">\n<p style=\"text-align: center;\"><span style=\"color: #000000;\"><strong>Rio Churubusco No. 429, Col. Modelo,<\/strong><\/span><br \/>\n<span style=\"color: #000000;\"> <strong>Delegaci\u00f3n Pol\u00edtica Iztapalapa,<\/strong><\/span><br \/>\n<span style=\"color: #000000;\"> <strong>Ciudad de M\u00e9xico<\/strong><\/span><\/p>\n<p style=\"text-align: center;\"><span style=\"color: #000000;\"><strong>Tel\u00e9fono: 71551553<\/strong><\/span><br \/>\n<span style=\"color: #000000;\"> <strong>Correo: contacto@cidae.mx<\/strong><\/span><\/p>\n<p><span style=\"color: #000000;\"><strong>Cont\u00e1ctanos, para nosotros ser\u00e1 un gusto atenderle<\/strong><\/span><\/p>\n<p><span style=\"color: #000000;\"><strong><label>Nombre (requerido)<br \/>\n<input name=\"your-name\" size=\"40\" type=\"text\" value=\"\" aria-required=\"true\" aria-invalid=\"false\" \/> <\/label><label> Tu correo electr\u00f3nico (requerido)<br \/>\n<input name=\"your-email\" size=\"40\" type=\"email\" value=\"\" aria-required=\"true\" aria-invalid=\"false\" \/> <\/label><\/strong><\/span><\/p>\n<p><span style=\"color: #000000;\"><strong><label> Asunto<br \/>\n<input name=\"your-subject\" size=\"40\" type=\"text\" value=\"\" aria-invalid=\"false\" \/> <\/label><\/strong><\/span><\/p>\n<p><span style=\"color: #000000;\"><strong><label> Mensaje<br \/>\n<textarea cols=\"40\" name=\"your-message\" rows=\"10\" aria-invalid=\"false\"><\/textarea> <\/label><\/strong><\/span><\/p>\n<p><strong><input type=\"submit\" value=\"Enviar\" \/><\/strong><\/p>\n<\/div>\n<\/div>\n","protected":false},"excerpt":{"rendered":"Rio Churubusco No. 429, Col. Modelo, Delegaci\u00f3n Pol\u00edtica Iztapalapa, Ciudad de M\u00e9xico&hellip;<div class=\"link-more\"><a href=\"https:\/\/cidae.mx\/?page_id=397\" class=\"more-link\">Continue reading<span class=\"screen-reader-text\"> &ldquo;CONTACTO&rdquo;<\/span>&hellip;<\/a><\/div>","protected":false},"author":2,"featured_media":0,"parent":0,"menu_order":11,"comment_status":"closed","ping_status":"closed","template":"page-template\/_fullwidth.php","meta":[],"_links":{"self":[{"href":"https:\/\/cidae.mx\/index.php?rest_route=\/wp\/v2\/pages\/397"}],"collection":[{"href":"https:\/\/cidae.mx\/index.php?rest_route=\/wp\/v2\/pages"}],"about":[{"href":"https:\/\/cidae.mx\/index.php?rest_route=\/wp\/v2\/types\/page"}],"author":[{"embeddable":true,"href":"https:\/\/cidae.mx\/index.php?rest_route=\/wp\/v2\/users\/2"}],"replies":[{"embeddable":true,"href":"https:\/\/cidae.mx\/index.php?rest_route=%2Fwp%2Fv2%2Fcomments&post=397"}],"version-history":[{"count":2,"href":"https:\/\/cidae.mx\/index.php?rest_route=\/wp\/v2\/pages\/397\/revisions"}],"predecessor-version":[{"id":967,"href":"https:\/\/cidae.mx\/index.php?rest_route=\/wp\/v2\/pages\/397\/revisions\/967"}],"wp:attachment":[{"href":"https:\/\/cidae.mx\/index.php?rest_route=%2Fwp%2Fv2%2Fmedia&parent=397"}],"curies":[{"name":"wp","href":"https:\/\/api.w.org\/{rel}","templated":true}]}}